{"id":13015,"date":"2016-10-06T11:25:26","date_gmt":"2016-10-06T11:25:26","guid":{"rendered":"https:\/\/sidenor.gr\/en\/?page_id=13015"},"modified":"2017-09-23T02:39:59","modified_gmt":"2017-09-22T23:39:59","slug":"cut-length-sd-rebars","status":"publish","type":"page","link":"https:\/\/sidenor.gr\/en\/products-and-solutions\/sd-concrete-reinforcing-steel\/sd-concrete-reinforcing-steel\/cut-length-sd-rebars\/","title":{"rendered":"Cut-to-Length SD Rebar"},"content":{"rendered":"<p><div class=\"fusion-fullwidth fullwidth-box fusion-builder-row-1 hundred-percent-fullwidth non-hundred-percent-height-scrolling\" style=\"--awb-border-radius-top-left:0px;--awb-border-radius-top-right:0px;--awb-border-radius-bottom-right:0px;--awb-border-radius-bottom-left:0px;--awb-overflow:visible;--awb-flex-wrap:wrap;\" ><div class=\"fusion-builder-row fusion-row\"><div class=\"fusion-layout-column fusion_builder_column fusion-builder-column-0 fusion_builder_column_1_1 1_1 fusion-one-full fusion-column-first fusion-column-last fusion-column-no-min-height\" style=\"--awb-bg-size:cover;--awb-margin-bottom:0px;\"><div class=\"fusion-column-wrapper fusion-flex-column-wrapper-legacy\"><div class=\"fusion-tabs fusion-tabs-1 classic nav-is-justified horizontal-tabs icon-position-left mobile-mode-accordion\" style=\"--awb-title-border-radius-top-left:0px;--awb-title-border-radius-top-right:0px;--awb-title-border-radius-bottom-right:0px;--awb-title-border-radius-bottom-left:0px;--awb-inactive-color:#f1f2f2;--awb-background-color:#ffffff;--awb-border-color:#ebeaea;--awb-active-border-color:#00404b;\"><div class=\"nav\"><ul class=\"nav-tabs nav-justified\" role=\"tablist\"><li class=\"active\" role=\"presentation\"><a class=\"tab-link\" data-toggle=\"tab\" role=\"tab\" aria-controls=\"tab-86ddf81cee07b2af73b\" aria-selected=\"true\" id=\"fusion-tab-description\" href=\"#tab-86ddf81cee07b2af73b\"><h4 class=\"fusion-tab-heading\">Description<\/h4><\/a><\/li><li role=\"presentation\"><a class=\"tab-link\" data-toggle=\"tab\" role=\"tab\" aria-controls=\"tab-767748e68c92a7b3e1d\" aria-selected=\"false\" tabindex=\"-1\" id=\"fusion-tab-technicalcharacteristics\" href=\"#tab-767748e68c92a7b3e1d\"><h4 class=\"fusion-tab-heading\">Technical Characteristics<\/h4><\/a><\/li><li role=\"presentation\"><a class=\"tab-link\" data-toggle=\"tab\" role=\"tab\" aria-controls=\"tab-afa63ddb953d3264aa3\" aria-selected=\"false\" tabindex=\"-1\" id=\"fusion-tab-brochure\" href=\"#tab-afa63ddb953d3264aa3\"><h4 class=\"fusion-tab-heading\">Brochure<\/h4><\/a><\/li><li role=\"presentation\"><a class=\"tab-link\" data-toggle=\"tab\" role=\"tab\" aria-controls=\"tab-5e96ee413a3e766497c\" aria-selected=\"false\" tabindex=\"-1\" id=\"fusion-tab-salesnetwork\" href=\"#tab-5e96ee413a3e766497c\"><h4 class=\"fusion-tab-heading\">Sales Network<\/h4><\/a><\/li><\/ul><\/div><div class=\"tab-content\"><div class=\"nav fusion-mobile-tab-nav\"><ul class=\"nav-tabs nav-justified\" role=\"tablist\"><li class=\"active\" role=\"presentation\"><a class=\"tab-link\" data-toggle=\"tab\" role=\"tab\" aria-controls=\"tab-86ddf81cee07b2af73b\" aria-selected=\"true\" id=\"mobile-fusion-tab-description\" href=\"#tab-86ddf81cee07b2af73b\"><h4 class=\"fusion-tab-heading\">Description<\/h4><\/a><\/li><\/ul><\/div><div class=\"tab-pane fade fusion-clearfix in active\" role=\"tabpanel\" tabindex=\"0\" aria-labelledby=\"fusion-tab-description\" id=\"tab-86ddf81cee07b2af73b\">\n<p>In order to satisfy the needs of customer&#8217;s demand by offering custom made steel solutions, Sidenor provides a wide range of Cut-to-length straight bars of SD reinforcing steel, grade B500B &#8211; DIN 488. High availability and fast servicing of the required cut-to-length rebars lead to faster forming and fitting that yields to lower construction.<\/p>\n<\/div><div class=\"nav fusion-mobile-tab-nav\"><ul class=\"nav-tabs nav-justified\" role=\"tablist\"><li role=\"presentation\"><a class=\"tab-link\" data-toggle=\"tab\" role=\"tab\" aria-controls=\"tab-767748e68c92a7b3e1d\" aria-selected=\"false\" tabindex=\"-1\" id=\"mobile-fusion-tab-technicalcharacteristics\" href=\"#tab-767748e68c92a7b3e1d\"><h4 class=\"fusion-tab-heading\">Technical Characteristics<\/h4><\/a><\/li><\/ul><\/div><div class=\"tab-pane fade fusion-clearfix\" role=\"tabpanel\" tabindex=\"0\" aria-labelledby=\"fusion-tab-technicalcharacteristics\" id=\"tab-767748e68c92a7b3e1d\">\n<div class=\"fusion-table table-1\">\n<table style=\"height: 273px;\" width=\"974\">\n<tbody>\n<tr>\n<td width=\"140\">TYPE<\/td>\n<td width=\"384\">\u00a0Hot rolled, weldable, ribbed concrete reinforcing steel<\/td>\n<\/tr>\n<tr>\n<td width=\"140\">STEEL GRADE<\/td>\n<td width=\"384\">Grade B500B according to DIN488<\/td>\n<\/tr>\n<tr>\n<td width=\"140\">FORM \u2013 DIAMETER<\/td>\n<td width=\"384\">Straight bars<\/p>\n<p>Diameter from \u00d88 to \u00d840mm<\/td>\n<\/tr>\n<tr>\n<td width=\"140\">PACKING WEIGHT<\/td>\n<td width=\"384\">Bundles of straight bars<\/p>\n<p>Weight: approx. 1tn per bundle<\/td>\n<\/tr>\n<\/tbody>\n<\/table>\n<\/div>\n<p>&nbsp;<\/p>\n<div class=\"fusion-table table-1\">\n<table width=\"100%\">\n<tbody>\n<tr>\n<td width=\"142\">Diameter<\/p>\n<p>(mm)<\/td>\n<td width=\"142\">Length<\/p>\n<p>(m)<\/td>\n<td width=\"142\">Diameter<\/p>\n<p>(mm)<\/p>\n<p>(in stock)<\/td>\n<td width=\"142\">Length<\/p>\n<p>(m)<\/p>\n<p>(in stock)<\/td>\n<\/tr>\n<tr>\n<td rowspan=\"4\" width=\"142\">From \u00d88 to \u00d840<\/td>\n<td rowspan=\"4\" width=\"142\">1.60 \u2013 12.00<\/p>\n<p>(min. pitch 10mm)<\/td>\n<td rowspan=\"4\" width=\"142\">\u00d820, \u00d822, \u00d825,<\/p>\n<p>\u00d828, \u00d832<\/td>\n<td width=\"142\">8.00<\/td>\n<\/tr>\n<tr>\n<td width=\"142\">9.00<\/td>\n<\/tr>\n<tr>\n<td width=\"142\">10.00<\/td>\n<\/tr>\n<tr>\n<td width=\"142\">11.00<\/td>\n<\/tr>\n<\/tbody>\n<\/table>\n<\/div>\n<\/div><div class=\"nav fusion-mobile-tab-nav\"><ul class=\"nav-tabs nav-justified\" role=\"tablist\"><li role=\"presentation\"><a class=\"tab-link\" data-toggle=\"tab\" role=\"tab\" aria-controls=\"tab-afa63ddb953d3264aa3\" aria-selected=\"false\" tabindex=\"-1\" id=\"mobile-fusion-tab-brochure\" href=\"#tab-afa63ddb953d3264aa3\"><h4 class=\"fusion-tab-heading\">Brochure<\/h4><\/a><\/li><\/ul><\/div><div class=\"tab-pane fade fusion-clearfix\" role=\"tabpanel\" tabindex=\"0\" aria-labelledby=\"fusion-tab-brochure\" id=\"tab-afa63ddb953d3264aa3\">\n<p><a href=\"https:\/\/sidenor.gr\/wp-content\/uploads\/2016\/10\/cut_to_length-1.pdf\"><a href=\"https:\/\/sidenor.gr\/wp-content\/uploads\/2016\/10\/cut_to_length-1.pdf\" class=\"pdfemb-viewer\" style=\"\" data-width=\"max\" data-height=\"max\" data-toolbar=\"bottom\" data-toolbar-fixed=\"off\">cut_to_length<\/a><\/a><\/p>\n<\/div><div class=\"nav fusion-mobile-tab-nav\"><ul class=\"nav-tabs nav-justified\" role=\"tablist\"><li role=\"presentation\"><a class=\"tab-link\" data-toggle=\"tab\" role=\"tab\" aria-controls=\"tab-5e96ee413a3e766497c\" aria-selected=\"false\" tabindex=\"-1\" id=\"mobile-fusion-tab-salesnetwork\" href=\"#tab-5e96ee413a3e766497c\"><h4 class=\"fusion-tab-heading\">Sales Network<\/h4><\/a><\/li><\/ul><\/div><div class=\"tab-pane fade fusion-clearfix\" role=\"tabpanel\" tabindex=\"0\" aria-labelledby=\"fusion-tab-salesnetwork\" id=\"tab-5e96ee413a3e766497c\">\n<table width=\"100%\">\n<tbody>\n<tr>\n<td colspan=\"4\"><strong>CUT &#8211; TO &#8211; LENGTH SD REBARS GRADE BSt500S (IN STOCK)<\/strong><\/td>\n<\/tr>\n<tr>\n<td width=\"25%\"><strong>DIAMETER (mm)<\/strong><\/td>\n<td width=\"25%\"><strong>LENGTH (m)<\/strong><\/td>\n<td width=\"25%\"><strong>DIAMETER (mm)<\/strong><\/td>\n<td width=\"25%\"><strong>LENGTH (m)<\/strong><\/td>\n<\/tr>\n<tr>\n<td rowspan=\"7\">\u00d88 &#038; \u00d810 &#038; \u00d812<\/td>\n<td rowspan=\"2\">3.00<\/td>\n<td rowspan=\"7\">\u00d814, \u00d816, \u00d818 &#038; \u00d820<\/td>\n<td>4.00<\/td>\n<\/tr>\n<tr>\n<td>4.25<\/td>\n<\/tr>\n<tr>\n<td rowspan=\"2\">4.00<\/td>\n<td>4.50<\/td>\n<\/tr>\n<tr>\n<td>5.00<\/td>\n<\/tr>\n<tr>\n<td rowspan=\"3\">6.00<\/td>\n<td>5.25<\/td>\n<\/tr>\n<tr>\n<td>5.50<\/td>\n<\/tr>\n<tr>\n<td>6.00<\/td>\n<\/tr>\n<\/tbody>\n<\/table>\n<table width=\"100%\">\n<tbody>\n<tr>\n<td colspan=\"2\"><strong>SIDENOR STEEL INDUSTRY SA (ATHENS) &#8211; Export Dept.<\/strong><\/td>\n<\/tr>\n<tr>\n<td width=\"50%\"><strong>Address:<\/strong><\/td>\n<td width=\"50%\">33, Amaroussiou-Chalandriou\u00a0street<\/td>\n<\/tr>\n<tr>\n<td><strong>Postal Code:<\/strong><\/td>\n<td>GR-15125<\/td>\n<\/tr>\n<tr>\n<td><strong>City:<\/strong><\/td>\n<td>Athens<\/td>\n<\/tr>\n<tr>\n<td><strong>Area:<\/strong><\/td>\n<td>Attiki<\/td>\n<\/tr>\n<tr>\n<td><strong>Country:<\/strong><\/td>\n<td>GREECE<\/td>\n<\/tr>\n<tr>\n<td><strong>Telephone:<\/strong><\/td>\n<td>(+30)-210-6787111<\/td>\n<\/tr>\n<tr>\n<td><strong>Fax:<\/strong><\/td>\n<td>(+30)-210-6787740<\/td>\n<\/tr>\n<tr>\n<td><strong>e-mail:<\/strong><\/td>\n<td><a href=\"mailto:info@sidenor.vionet.gr\">info@sidenor.vionet.gr<\/a><\/td>\n<\/tr>\n<\/tbody>\n<\/table>\n<p>&nbsp;<\/p>\n<table width=\"100%\">\n<tbody>\n<tr>\n<td colspan=\"2\"><strong>SIDENOR STEEL INDUSTRY SA (THESSALONIKI) &#8211; Export Dept.<\/strong><\/td>\n<\/tr>\n<tr>\n<td width=\"50%\"><strong>Address:<\/strong><\/td>\n<td width=\"50%\">12th km National Road Thessaloniki-Veria<\/td>\n<\/tr>\n<tr>\n<td><strong>Postal Code:<\/strong><\/td>\n<td>GR-57008<\/td>\n<\/tr>\n<tr>\n<td><strong>City:<\/strong><\/td>\n<td>Thessaloniki<\/td>\n<\/tr>\n<tr>\n<td><strong>Area:<\/strong><\/td>\n<td>Ionia<\/td>\n<\/tr>\n<tr>\n<td><strong>Country:<\/strong><\/td>\n<td>GREECE<\/td>\n<\/tr>\n<tr>\n<td><strong>Telephone:<\/strong><\/td>\n<td>(+30)-2310-790111<\/td>\n<\/tr>\n<tr>\n<td><strong>Fax:<\/strong><\/td>\n<td>(+30)-2310-722288<\/td>\n<\/tr>\n<tr>\n<td><strong>e-mail:<\/strong><\/td>\n<td><a href=\"mailto:info@sidenor.vionet.gr\">info@sidenor.vionet.gr<\/a><\/td>\n<\/tr>\n<\/tbody>\n<\/table>\n<p>&nbsp;<\/p>\n<table width=\"100%\">\n<tbody>\n<tr>\n<td colspan=\"2\"><strong>GENECOS SA (FRANCE)<\/strong><\/td>\n<\/tr>\n<tr>\n<td width=\"50%\"><strong>Address:<\/strong><\/td>\n<td width=\"50%\">19, Rue de Passy<\/td>\n<\/tr>\n<tr>\n<td><strong>Postal Code:<\/strong><\/td>\n<td>FR-75016<\/td>\n<\/tr>\n<tr>\n<td><strong>City:<\/strong><\/td>\n<td>Paris<\/td>\n<\/tr>\n<tr>\n<td><strong>Area:<\/strong><\/td>\n<td>Paris<\/td>\n<\/tr>\n<tr>\n<td><strong>Country:<\/strong><\/td>\n<td>FRANCE<\/td>\n<\/tr>\n<tr>\n<td><strong>Telephone:<\/strong><\/td>\n<td>(+33)-1-45270754<\/td>\n<\/tr>\n<tr>\n<td><strong>Fax:<\/strong><\/td>\n<td>(+33)-1-45270708<\/td>\n<\/tr>\n<tr>\n<td><strong>e-mail:<\/strong><\/td>\n<td><a href=\"mailto:genecos@genecos.vionet.gr\">genecos@genecos.vionet.gr<\/a><\/td>\n<\/tr>\n<\/tbody>\n<\/table>\n<p>&nbsp;<\/p>\n<table width=\"100%\">\n<tbody>\n<tr>\n<td colspan=\"2\"><strong>METAL AGENCIES LTD (UK)<\/strong><\/td>\n<\/tr>\n<tr>\n<td width=\"50%\"><strong>Address:<\/strong><\/td>\n<td width=\"50%\">Suite 4, Cobb House, 2-4 Oyster Lane<\/td>\n<\/tr>\n<tr>\n<td><strong>Postal Code:<\/strong><\/td>\n<td>KT14 7DU<\/td>\n<\/tr>\n<tr>\n<td><strong>City:<\/strong><\/td>\n<td>Surrey<\/td>\n<\/tr>\n<tr>\n<td><strong>Area:<\/strong><\/td>\n<td>Byfleet<\/td>\n<\/tr>\n<tr>\n<td><strong>Country:<\/strong><\/td>\n<td>UNITED KINGDOM<\/td>\n<\/tr>\n<tr>\n<td><strong>Telephone:<\/strong><\/td>\n<td>(+441)-932-331111<\/td>\n<\/tr>\n<tr>\n<td><strong>Fax:<\/strong><\/td>\n<td>(+441)-932-331190<\/td>\n<\/tr>\n<tr>\n<td><strong>e-mail:<\/strong><\/td>\n<td><a href=\"mailto:sales@metalagencies.com\">sales@metalagencies.com<\/a><\/td>\n<\/tr>\n<\/tbody>\n<\/table>\n<p>&nbsp;<\/p>\n<table width=\"100%\">\n<tbody>\n<tr>\n<td colspan=\"2\"><strong>TEPRO METALL Vertriebs GmbH (GERMANY)<\/strong><\/td>\n<\/tr>\n<tr>\n<td width=\"50%\"><strong>Address:<\/strong><\/td>\n<td width=\"50%\">Ursulastrasse 33-41<\/td>\n<\/tr>\n<tr>\n<td><strong>Postal Code:<\/strong><\/td>\n<td>DE-50354<\/td>\n<\/tr>\n<tr>\n<td><strong>City:<\/strong><\/td>\n<td>Hurth<\/td>\n<\/tr>\n<tr>\n<td><strong>Area:<\/strong><\/td>\n<td>Hurth<\/td>\n<\/tr>\n<tr>\n<td><strong>Country:<\/strong><\/td>\n<td>GERMANY<\/td>\n<\/tr>\n<tr>\n<td><strong>Telephone:<\/strong><\/td>\n<td>(+492)-233-790361<\/td>\n<\/tr>\n<tr>\n<td><strong>Fax:<\/strong><\/td>\n<td>(+492)-233-790366<\/td>\n<\/tr>\n<tr>\n<td><strong>e-mail:<\/strong><\/td>\n<td><a href=\"mailto:mbeissel@teprometal.vionet.gr\">mbeissel@teprometal.vionet.gr<\/a><\/td>\n<\/tr>\n<\/tbody>\n<\/table>\n<p>&nbsp;<\/p>\n<table width=\"100%\">\n<tbody>\n<tr>\n<td colspan=\"2\"><strong>SIDEROM STEEL SLR (ROMANIA)<\/strong><\/td>\n<\/tr>\n<tr>\n<td width=\"50%\"><strong>Address:<\/strong><\/td>\n<td width=\"50%\">42, Drumul Intre Tarlale Street 3rd Sector<\/td>\n<\/tr>\n<tr>\n<td><strong>Postal Code:<\/strong><\/td>\n<td>032982<\/td>\n<\/tr>\n<tr>\n<td><strong>City:<\/strong><\/td>\n<td>Bucharest<\/td>\n<\/tr>\n<tr>\n<td><strong>Area:<\/strong><\/td>\n<td>Bucharest<\/td>\n<\/tr>\n<tr>\n<td><strong>Country:<\/strong><\/td>\n<td>ROMANIA<\/td>\n<\/tr>\n<tr>\n<td><strong>Telephone:<\/strong><\/td>\n<td>(+40)-21-2090138<\/td>\n<\/tr>\n<tr>\n<td><strong>Fax:<\/strong><\/td>\n<td>(+40)-21-2090365<\/td>\n<\/tr>\n<tr>\n<td><strong>e-mail:<\/strong><\/td>\n<td><\/td>\n<\/tr>\n<\/tbody>\n<\/table>\n<p>&nbsp;<\/p>\n<table width=\"100%\">\n<tbody>\n<tr>\n<td colspan=\"2\"><strong>SIDERAL STEEL\u00a0Shpk (ALBANIA)<\/strong><\/td>\n<\/tr>\n<tr>\n<td width=\"50%\"><strong>Address:<\/strong><\/td>\n<td width=\"50%\">Autostrada Tirane &#8211; Durres km 24<\/td>\n<\/tr>\n<tr>\n<td><strong>Postal Code:<\/strong><\/td>\n<td><\/td>\n<\/tr>\n<tr>\n<td><strong>City:<\/strong><\/td>\n<td>Tirana<\/td>\n<\/tr>\n<tr>\n<td><strong>Area:<\/strong><\/td>\n<td>Sukth<\/td>\n<\/tr>\n<tr>\n<td><strong>Country:<\/strong><\/td>\n<td>ALBANIA<\/td>\n<\/tr>\n<tr>\n<td><strong>Telephone:<\/strong><\/td>\n<td>(+35)-568-7574111<\/td>\n<\/tr>\n<tr>\n<td><strong>Fax:<\/strong><\/td>\n<td>(+35)-568-7574510<\/td>\n<\/tr>\n<tr>\n<td><strong>e-mail:<\/strong><\/td>\n<td><a href=\"mailto:info@sideral.vionet.gr\">info@sideral.vionet.gr<\/a><\/td>\n<\/tr>\n<\/tbody>\n<\/table>\n<table width=\"100%\">\n<tbody>\n<tr>\n<td colspan=\"2\"><strong>SIDEBALK STEEL Ltd (SERBIA)<\/strong><\/td>\n<\/tr>\n<tr>\n<td width=\"50%\"><strong>Address:<\/strong><\/td>\n<td width=\"50%\">\u0410rsenija \u010carnojevi\u0107a br. 52a\/4<\/td>\n<\/tr>\n<tr>\n<td><strong>Postal Code:<\/strong><\/td>\n<td>11070<\/td>\n<\/tr>\n<tr>\n<td><strong>City:<\/strong><\/td>\n<td>Beograd<\/td>\n<\/tr>\n<tr>\n<td><strong>Area:<\/strong><\/td>\n<td>Beograd<\/td>\n<\/tr>\n<tr>\n<td><strong>Country:<\/strong><\/td>\n<td>SERBIA<\/td>\n<\/tr>\n<tr>\n<td><strong>Telephone:<\/strong><\/td>\n<td>(+381)-11-2129794<\/td>\n<\/tr>\n<tr>\n<td><strong>Fax:<\/strong><\/td>\n<td>(+381)-11-3116778<\/td>\n<\/tr>\n<tr>\n<td><strong>e-mail:<\/strong><\/td>\n<td><\/td>\n<\/tr>\n<\/tbody>\n<\/table>\n<\/div><\/div><\/div><div class=\"fusion-clearfix\"><\/div><\/div><\/div><\/div><\/div><div class=\"fusion-fullwidth fullwidth-box fusion-builder-row-2 nonhundred-percent-fullwidth non-hundred-percent-height-scrolling\" style=\"--awb-border-radius-top-left:0px;--awb-border-radius-top-right:0px;--awb-border-radius-bottom-right:0px;--awb-border-radius-bottom-left:0px;--awb-flex-wrap:wrap;\" ><div class=\"fusion-builder-row fusion-row\"><div class=\"fusion-layout-column fusion_builder_column fusion-builder-column-1 fusion_builder_column_1_1 1_1 fusion-one-full fusion-column-first fusion-column-last\" style=\"--awb-bg-size:cover;--awb-margin-bottom:0px;\"><div class=\"fusion-column-wrapper fusion-flex-column-wrapper-legacy\"><div class=\"fusion-text fusion-text-1\"><\/div><div class=\"fusion-clearfix\"><\/div><\/div><\/div><\/div><\/div><\/p>\n","protected":false},"excerpt":{"rendered":"","protected":false},"author":2,"featured_media":14650,"parent":13103,"menu_order":0,"comment_status":"closed","ping_status":"closed","template":"","meta":{"footnotes":""},"yoast_head":"<!-- This site is optimized with the Yoast SEO plugin v23.5 - https:\/\/yoast.com\/wordpress\/plugins\/seo\/ -->\n<title>Cut-to-Length SD Rebar &#8226; Sidenor<\/title>\n<meta name=\"robots\" content=\"index, follow, max-snippet:-1, max-image-preview:large, max-video-preview:-1\" \/>\n<link rel=\"canonical\" href=\"https:\/\/sidenor.gr\/proionta-kai-luseis\/olokliromeno-systima-oplismenou-skyrodematos\/chalyvas-oplismenou-skyrodematos\/idika-miki-ravdon-chalyva-sd\/\" \/>\n<meta property=\"og:locale\" content=\"en_US\" \/>\n<meta property=\"og:type\" content=\"article\" \/>\n<meta property=\"og:title\" content=\"Cut-to-Length SD Rebar &#8226; Sidenor\" \/>\n<meta property=\"og:url\" content=\"https:\/\/sidenor.gr\/proionta-kai-luseis\/olokliromeno-systima-oplismenou-skyrodematos\/chalyvas-oplismenou-skyrodematos\/idika-miki-ravdon-chalyva-sd\/\" \/>\n<meta property=\"og:site_name\" content=\"Sidenor\" \/>\n<meta property=\"article:modified_time\" content=\"2017-09-22T23:39:59+00:00\" \/>\n<meta property=\"og:image\" content=\"https:\/\/sidenor.gr\/wp-content\/uploads\/2016\/09\/EIDIKA-MHKH-SD_2017_1400x600.jpg\" \/>\n\t<meta property=\"og:image:width\" content=\"1400\" \/>\n\t<meta property=\"og:image:height\" content=\"600\" \/>\n\t<meta property=\"og:image:type\" content=\"image\/jpeg\" \/>\n<meta name=\"twitter:card\" content=\"summary_large_image\" \/>\n<meta name=\"twitter:label1\" content=\"Est. reading time\" \/>\n\t<meta name=\"twitter:data1\" content=\"3 minutes\" \/>\n<script type=\"application\/ld+json\" class=\"yoast-schema-graph\">{\"@context\":\"https:\/\/schema.org\",\"@graph\":[{\"@type\":\"WebPage\",\"@id\":\"https:\/\/sidenor.gr\/proionta-kai-luseis\/olokliromeno-systima-oplismenou-skyrodematos\/chalyvas-oplismenou-skyrodematos\/idika-miki-ravdon-chalyva-sd\/\",\"url\":\"https:\/\/sidenor.gr\/proionta-kai-luseis\/olokliromeno-systima-oplismenou-skyrodematos\/chalyvas-oplismenou-skyrodematos\/idika-miki-ravdon-chalyva-sd\/\",\"name\":\"Cut-to-Length SD Rebar &#8226; Sidenor\",\"isPartOf\":{\"@id\":\"http:\/\/sidenor.gr\/#website\"},\"primaryImageOfPage\":{\"@id\":\"https:\/\/sidenor.gr\/proionta-kai-luseis\/olokliromeno-systima-oplismenou-skyrodematos\/chalyvas-oplismenou-skyrodematos\/idika-miki-ravdon-chalyva-sd\/#primaryimage\"},\"image\":{\"@id\":\"https:\/\/sidenor.gr\/proionta-kai-luseis\/olokliromeno-systima-oplismenou-skyrodematos\/chalyvas-oplismenou-skyrodematos\/idika-miki-ravdon-chalyva-sd\/#primaryimage\"},\"thumbnailUrl\":\"https:\/\/sidenor.gr\/wp-content\/uploads\/2016\/09\/EIDIKA-MHKH-SD_2017_1400x600.jpg\",\"datePublished\":\"2016-10-06T11:25:26+00:00\",\"dateModified\":\"2017-09-22T23:39:59+00:00\",\"breadcrumb\":{\"@id\":\"https:\/\/sidenor.gr\/proionta-kai-luseis\/olokliromeno-systima-oplismenou-skyrodematos\/chalyvas-oplismenou-skyrodematos\/idika-miki-ravdon-chalyva-sd\/#breadcrumb\"},\"inLanguage\":\"en-US\",\"potentialAction\":[{\"@type\":\"ReadAction\",\"target\":[\"https:\/\/sidenor.gr\/proionta-kai-luseis\/olokliromeno-systima-oplismenou-skyrodematos\/chalyvas-oplismenou-skyrodematos\/idika-miki-ravdon-chalyva-sd\/\"]}]},{\"@type\":\"ImageObject\",\"inLanguage\":\"en-US\",\"@id\":\"https:\/\/sidenor.gr\/proionta-kai-luseis\/olokliromeno-systima-oplismenou-skyrodematos\/chalyvas-oplismenou-skyrodematos\/idika-miki-ravdon-chalyva-sd\/#primaryimage\",\"url\":\"https:\/\/sidenor.gr\/wp-content\/uploads\/2016\/09\/EIDIKA-MHKH-SD_2017_1400x600.jpg\",\"contentUrl\":\"https:\/\/sidenor.gr\/wp-content\/uploads\/2016\/09\/EIDIKA-MHKH-SD_2017_1400x600.jpg\",\"width\":1400,\"height\":600,\"caption\":\"EIDIKA MHKH SD_2017_1400x600\"},{\"@type\":\"BreadcrumbList\",\"@id\":\"https:\/\/sidenor.gr\/proionta-kai-luseis\/olokliromeno-systima-oplismenou-skyrodematos\/chalyvas-oplismenou-skyrodematos\/idika-miki-ravdon-chalyva-sd\/#breadcrumb\",\"itemListElement\":[{\"@type\":\"ListItem\",\"position\":1,\"name\":\"Home\",\"item\":\"http:\/\/sidenor.gr\/en\/\"},{\"@type\":\"ListItem\",\"position\":2,\"name\":\"Products and Solutions\",\"item\":\"http:\/\/sidenor.gr\/en\/products-and-solutions\/\"},{\"@type\":\"ListItem\",\"position\":3,\"name\":\"SD Integrated Concrete Reinforcing System\",\"item\":\"http:\/\/sidenor.gr\/en\/products-and-solutions\/sd-concrete-reinforcing-steel\/\"},{\"@type\":\"ListItem\",\"position\":4,\"name\":\"SD Concrete Reinforcing Steel\",\"item\":\"http:\/\/sidenor.gr\/en\/products-and-solutions\/sd-concrete-reinforcing-steel\/sd-concrete-reinforcing-steel\/\"},{\"@type\":\"ListItem\",\"position\":5,\"name\":\"Cut-to-Length SD Rebar\"}]},{\"@type\":\"WebSite\",\"@id\":\"http:\/\/sidenor.gr\/#website\",\"url\":\"http:\/\/sidenor.gr\/\",\"name\":\"Sidenor\",\"description\":\"\u0386\u03bb\u03bb\u03bf\u03c2 \u03ad\u03bd\u03b1\u03c2 \u03b9\u03c3\u03c4\u03cc\u03c4\u03bf\u03c0\u03bf\u03c2 WordPress\",\"publisher\":{\"@id\":\"http:\/\/sidenor.gr\/#organization\"},\"potentialAction\":[{\"@type\":\"SearchAction\",\"target\":{\"@type\":\"EntryPoint\",\"urlTemplate\":\"http:\/\/sidenor.gr\/?s={search_term_string}\"},\"query-input\":{\"@type\":\"PropertyValueSpecification\",\"valueRequired\":true,\"valueName\":\"search_term_string\"}}],\"inLanguage\":\"en-US\"},{\"@type\":\"Organization\",\"@id\":\"http:\/\/sidenor.gr\/#organization\",\"name\":\"Sidenor\",\"url\":\"http:\/\/sidenor.gr\/\",\"logo\":{\"@type\":\"ImageObject\",\"inLanguage\":\"en-US\",\"@id\":\"http:\/\/sidenor.gr\/#\/schema\/logo\/image\/\",\"url\":\"https:\/\/sidenor.gr\/wp-content\/uploads\/2016\/07\/sidenorlogox2.png\",\"contentUrl\":\"https:\/\/sidenor.gr\/wp-content\/uploads\/2016\/07\/sidenorlogox2.png\",\"width\":480,\"height\":108,\"caption\":\"Sidenor\"},\"image\":{\"@id\":\"http:\/\/sidenor.gr\/#\/schema\/logo\/image\/\"},\"sameAs\":[\"https:\/\/www.linkedin.com\/company\/sidenor-sa\"]}]}<\/script>\n<!-- \/ Yoast SEO plugin. -->","yoast_head_json":{"title":"Cut-to-Length SD Rebar &#8226; Sidenor","robots":{"index":"index","follow":"follow","max-snippet":"max-snippet:-1","max-image-preview":"max-image-preview:large","max-video-preview":"max-video-preview:-1"},"canonical":"https:\/\/sidenor.gr\/proionta-kai-luseis\/olokliromeno-systima-oplismenou-skyrodematos\/chalyvas-oplismenou-skyrodematos\/idika-miki-ravdon-chalyva-sd\/","og_locale":"en_US","og_type":"article","og_title":"Cut-to-Length SD Rebar &#8226; Sidenor","og_url":"https:\/\/sidenor.gr\/proionta-kai-luseis\/olokliromeno-systima-oplismenou-skyrodematos\/chalyvas-oplismenou-skyrodematos\/idika-miki-ravdon-chalyva-sd\/","og_site_name":"Sidenor","article_modified_time":"2017-09-22T23:39:59+00:00","og_image":[{"width":1400,"height":600,"url":"https:\/\/sidenor.gr\/wp-content\/uploads\/2016\/09\/EIDIKA-MHKH-SD_2017_1400x600.jpg","type":"image\/jpeg"}],"twitter_card":"summary_large_image","twitter_misc":{"Est. reading time":"3 minutes"},"schema":{"@context":"https:\/\/schema.org","@graph":[{"@type":"WebPage","@id":"https:\/\/sidenor.gr\/proionta-kai-luseis\/olokliromeno-systima-oplismenou-skyrodematos\/chalyvas-oplismenou-skyrodematos\/idika-miki-ravdon-chalyva-sd\/","url":"https:\/\/sidenor.gr\/proionta-kai-luseis\/olokliromeno-systima-oplismenou-skyrodematos\/chalyvas-oplismenou-skyrodematos\/idika-miki-ravdon-chalyva-sd\/","name":"Cut-to-Length SD Rebar &#8226; Sidenor","isPartOf":{"@id":"http:\/\/sidenor.gr\/#website"},"primaryImageOfPage":{"@id":"https:\/\/sidenor.gr\/proionta-kai-luseis\/olokliromeno-systima-oplismenou-skyrodematos\/chalyvas-oplismenou-skyrodematos\/idika-miki-ravdon-chalyva-sd\/#primaryimage"},"image":{"@id":"https:\/\/sidenor.gr\/proionta-kai-luseis\/olokliromeno-systima-oplismenou-skyrodematos\/chalyvas-oplismenou-skyrodematos\/idika-miki-ravdon-chalyva-sd\/#primaryimage"},"thumbnailUrl":"https:\/\/sidenor.gr\/wp-content\/uploads\/2016\/09\/EIDIKA-MHKH-SD_2017_1400x600.jpg","datePublished":"2016-10-06T11:25:26+00:00","dateModified":"2017-09-22T23:39:59+00:00","breadcrumb":{"@id":"https:\/\/sidenor.gr\/proionta-kai-luseis\/olokliromeno-systima-oplismenou-skyrodematos\/chalyvas-oplismenou-skyrodematos\/idika-miki-ravdon-chalyva-sd\/#breadcrumb"},"inLanguage":"en-US","potentialAction":[{"@type":"ReadAction","target":["https:\/\/sidenor.gr\/proionta-kai-luseis\/olokliromeno-systima-oplismenou-skyrodematos\/chalyvas-oplismenou-skyrodematos\/idika-miki-ravdon-chalyva-sd\/"]}]},{"@type":"ImageObject","inLanguage":"en-US","@id":"https:\/\/sidenor.gr\/proionta-kai-luseis\/olokliromeno-systima-oplismenou-skyrodematos\/chalyvas-oplismenou-skyrodematos\/idika-miki-ravdon-chalyva-sd\/#primaryimage","url":"https:\/\/sidenor.gr\/wp-content\/uploads\/2016\/09\/EIDIKA-MHKH-SD_2017_1400x600.jpg","contentUrl":"https:\/\/sidenor.gr\/wp-content\/uploads\/2016\/09\/EIDIKA-MHKH-SD_2017_1400x600.jpg","width":1400,"height":600,"caption":"EIDIKA MHKH SD_2017_1400x600"},{"@type":"BreadcrumbList","@id":"https:\/\/sidenor.gr\/proionta-kai-luseis\/olokliromeno-systima-oplismenou-skyrodematos\/chalyvas-oplismenou-skyrodematos\/idika-miki-ravdon-chalyva-sd\/#breadcrumb","itemListElement":[{"@type":"ListItem","position":1,"name":"Home","item":"http:\/\/sidenor.gr\/en\/"},{"@type":"ListItem","position":2,"name":"Products and Solutions","item":"http:\/\/sidenor.gr\/en\/products-and-solutions\/"},{"@type":"ListItem","position":3,"name":"SD Integrated Concrete Reinforcing System","item":"http:\/\/sidenor.gr\/en\/products-and-solutions\/sd-concrete-reinforcing-steel\/"},{"@type":"ListItem","position":4,"name":"SD Concrete Reinforcing Steel","item":"http:\/\/sidenor.gr\/en\/products-and-solutions\/sd-concrete-reinforcing-steel\/sd-concrete-reinforcing-steel\/"},{"@type":"ListItem","position":5,"name":"Cut-to-Length SD Rebar"}]},{"@type":"WebSite","@id":"http:\/\/sidenor.gr\/#website","url":"http:\/\/sidenor.gr\/","name":"Sidenor","description":"\u0386\u03bb\u03bb\u03bf\u03c2 \u03ad\u03bd\u03b1\u03c2 \u03b9\u03c3\u03c4\u03cc\u03c4\u03bf\u03c0\u03bf\u03c2 WordPress","publisher":{"@id":"http:\/\/sidenor.gr\/#organization"},"potentialAction":[{"@type":"SearchAction","target":{"@type":"EntryPoint","urlTemplate":"http:\/\/sidenor.gr\/?s={search_term_string}"},"query-input":{"@type":"PropertyValueSpecification","valueRequired":true,"valueName":"search_term_string"}}],"inLanguage":"en-US"},{"@type":"Organization","@id":"http:\/\/sidenor.gr\/#organization","name":"Sidenor","url":"http:\/\/sidenor.gr\/","logo":{"@type":"ImageObject","inLanguage":"en-US","@id":"http:\/\/sidenor.gr\/#\/schema\/logo\/image\/","url":"https:\/\/sidenor.gr\/wp-content\/uploads\/2016\/07\/sidenorlogox2.png","contentUrl":"https:\/\/sidenor.gr\/wp-content\/uploads\/2016\/07\/sidenorlogox2.png","width":480,"height":108,"caption":"Sidenor"},"image":{"@id":"http:\/\/sidenor.gr\/#\/schema\/logo\/image\/"},"sameAs":["https:\/\/www.linkedin.com\/company\/sidenor-sa"]}]}},"_links":{"self":[{"href":"https:\/\/sidenor.gr\/en\/wp-json\/wp\/v2\/pages\/13015"}],"collection":[{"href":"https:\/\/sidenor.gr\/en\/wp-json\/wp\/v2\/pages"}],"about":[{"href":"https:\/\/sidenor.gr\/en\/wp-json\/wp\/v2\/types\/page"}],"author":[{"embeddable":true,"href":"https:\/\/sidenor.gr\/en\/wp-json\/wp\/v2\/users\/2"}],"replies":[{"embeddable":true,"href":"https:\/\/sidenor.gr\/en\/wp-json\/wp\/v2\/comments?post=13015"}],"version-history":[{"count":9,"href":"https:\/\/sidenor.gr\/en\/wp-json\/wp\/v2\/pages\/13015\/revisions"}],"predecessor-version":[{"id":15056,"href":"https:\/\/sidenor.gr\/en\/wp-json\/wp\/v2\/pages\/13015\/revisions\/15056"}],"up":[{"embeddable":true,"href":"https:\/\/sidenor.gr\/en\/wp-json\/wp\/v2\/pages\/13103"}],"wp:featuredmedia":[{"embeddable":true,"href":"https:\/\/sidenor.gr\/en\/wp-json\/wp\/v2\/media\/14650"}],"wp:attachment":[{"href":"https:\/\/sidenor.gr\/en\/wp-json\/wp\/v2\/media?parent=13015"}],"curies":[{"name":"wp","href":"https:\/\/api.w.org\/{rel}","templated":true}]}}